{"id":7535,"date":"2022-07-13T11:36:32","date_gmt":"2022-07-13T16:36:32","guid":{"rendered":"https:\/\/www.hotelcasadesierrazul.com\/privacy-policy\/"},"modified":"2023-11-21T11:23:03","modified_gmt":"2023-11-21T16:23:03","slug":"privacy-policy","status":"publish","type":"page","link":"https:\/\/www.hotelcasadesierrazul.com\/en\/privacy-policy\/","title":{"rendered":"Privacy Policy"},"content":{"rendered":"\t\t<div data-elementor-type=\"wp-page\" data-elementor-id=\"7535\" class=\"elementor elementor-7535 elementor-7299\">\n\t\t\t\t\t\t<section class=\"elementor-section elementor-top-section elementor-element elementor-element-0b11c57 elementor-section-boxed elementor-section-height-default elementor-section-height-default\" data-id=\"0b11c57\" data-element_type=\"section\">\n\t\t\t\t\t\t<div class=\"elementor-container elementor-column-gap-default\">\n\t\t\t\t\t<div class=\"elementor-column elementor-col-100 elementor-top-column elementor-element elementor-element-0fee729\" data-id=\"0fee729\" data-element_type=\"column\">\n\t\t\t<div class=\"elementor-widget-wrap elementor-element-populated\">\n\t\t\t\t\t\t<div class=\"elementor-element elementor-element-4041f08 elementor-widget elementor-widget-html\" data-id=\"4041f08\" data-element_type=\"widget\" data-widget_type=\"html.default\">\n\t\t\t\t<div class=\"elementor-widget-container\">\n\t\t\t<button onclick=\"goBack()\" class=\"botonBack\">Back<\/button>\r\n\r\n<script>\r\nfunction goBack() {\r\n  window.history.back();\r\n}\r\n<\/script>\t\t<\/div>\n\t\t\t\t<\/div>\n\t\t\t\t<div class=\"elementor-element elementor-element-e2f66b5 elementor-widget elementor-widget-text-editor\" data-id=\"e2f66b5\" data-element_type=\"widget\" data-widget_type=\"text-editor.default\">\n\t\t\t\t<div class=\"elementor-widget-container\">\n\t\t\t<style>\/*! elementor - v3.21.0 - 30-04-2024 *\/\n.elementor-widget-text-editor.elementor-drop-cap-view-stacked .elementor-drop-cap{background-color:#69727d;color:#fff}.elementor-widget-text-editor.elementor-drop-cap-view-framed .elementor-drop-cap{color:#69727d;border:3px solid;background-color:transparent}.elementor-widget-text-editor:not(.elementor-drop-cap-view-default) .elementor-drop-cap{margin-top:8px}.elementor-widget-text-editor:not(.elementor-drop-cap-view-default) .elementor-drop-cap-letter{width:1em;height:1em}.elementor-widget-text-editor .elementor-drop-cap{float:left;text-align:center;line-height:1;font-size:50px}.elementor-widget-text-editor .elementor-drop-cap-letter{display:inline-block}<\/style>\t\t\t\t\n<p>Con fundamento en los art\u00edculos 15 y 16 de la Ley Federal de Protecci\u00f3n de Datos Personales en Posesi\u00f3n de Particulares hacemos de su conocimiento que Operadora Sierrazu, S.A de C.V, Sea Hotel Casa de Sierra Azul como nombre comercial, con domicilio en Hidalgo no. 1002, esq. Fiallo, Col. Centro, Oaxaca de Ju\u00e1rez, Oaxaca, CP.: 68000, M\u00e9xico se hace responsable de recabar sus datos personales, del uso que se le d\u00e9 a los mismos y de su protecci\u00f3n.<\/p>\n<p>Su informaci\u00f3n personal ser\u00e1 utilizada para las siguientes finalidades: proveer los servicios y productos que ha solicitado; notificarle sobre nuevos servicios o productos que tengan relaci\u00f3n con los ya contratados o adquiridos; comunicarle sobre cambios en los mismos; elaborar estudios y programas que son necesarios para determinar h\u00e1bitos de consumo; realizar evaluaciones peri\u00f3dicas de nuestros productos y servicios a efecto de mejorar la calidad de los mismos; evaluar la calidad del servicio que brindamos, y en general, para dar cumplimiento a las obligaciones que hemos contra\u00eddo con usted.<\/p>\n<p>Para las finalidades antes mencionadas, requerimos obtener los siguientes datos personales:<\/p>\n<p><br \/>Nombre completo<br \/>Correo electr\u00f3nico<br \/>Firma aut\u00f3grafa<br \/>Direcci\u00f3n<br \/>RFC y\/o CURP<\/p>\n<p><br \/>Con base en la ley en materia de protecci\u00f3n de datos personales en posesi\u00f3n de particulares, los siguientes datos son considerados sensibles:<\/p>\n<p>Afiliaci\u00f3n pol\u00edtica<br \/>Origen racial o \u00e9tnico<br \/>Padecimientos de salud<\/p>\n<p>Es importante informarle que usted tiene derecho al Acceso, Rectificaci\u00f3n y Cancelaci\u00f3n de sus datos personales, a Oponerse al tratamiento de los mismos o a revocar el consentimiento que para dicho fin nos haya otorgado.<\/p>\n<p>Para ello, es necesario que env\u00ede la solicitud en los t\u00e9rminos que marca la Ley en su Art. 29 al responsable de nuestro Departamento de Protecci\u00f3n de Datos Personales, ubicado en Hidalgo No. 1002, esq. Fiallo, Col. Centro Oaxaca de Ju\u00e1rez, Oaxaca, C.P. 68000, M\u00e9xico, o bien, se comunique al tel\u00e9fono 01 951 5147171 o v\u00eda correo electr\u00f3nico a gerencia@hotelcasadesierrazul.com, el cual solicitamos confirme v\u00eda telef\u00f3nica para garantizar su correcta recepci\u00f3n.<\/p>\n\t\t\t\t\t\t<\/div>\n\t\t\t\t<\/div>\n\t\t\t\t\t<\/div>\n\t\t<\/div>\n\t\t\t\t\t<\/div>\n\t\t<\/section>\n\t\t\t\t<\/div>\n\t\t","protected":false},"excerpt":{"rendered":"<p>Back Con fundamento en los art\u00edculos 15 y 16 de la Ley Federal de Protecci\u00f3n de Datos Personales en Posesi\u00f3n de Particulares hacemos de su conocimiento que Operadora Sierrazu, S.A de C.V, Sea Hotel Casa de Sierra Azul como nombre comercial, con domicilio en Hidalgo no. 1002, esq. Fiallo, Col. Centro, Oaxaca de Ju\u00e1rez, Oaxaca, [&hellip;]<\/p>\n","protected":false},"author":1,"featured_media":0,"parent":0,"menu_order":0,"comment_status":"closed","ping_status":"closed","template":"","meta":{"inline_featured_image":false,"_joinchat":[],"footnotes":""},"class_list":["post-7535","page","type-page","status-publish","hentry"],"_links":{"self":[{"href":"https:\/\/www.hotelcasadesierrazul.com\/en\/wp-json\/wp\/v2\/pages\/7535","targetHints":{"allow":["GET"]}}],"collection":[{"href":"https:\/\/www.hotelcasadesierrazul.com\/en\/wp-json\/wp\/v2\/pages"}],"about":[{"href":"https:\/\/www.hotelcasadesierrazul.com\/en\/wp-json\/wp\/v2\/types\/page"}],"author":[{"embeddable":true,"href":"https:\/\/www.hotelcasadesierrazul.com\/en\/wp-json\/wp\/v2\/users\/1"}],"replies":[{"embeddable":true,"href":"https:\/\/www.hotelcasadesierrazul.com\/en\/wp-json\/wp\/v2\/comments?post=7535"}],"version-history":[{"count":0,"href":"https:\/\/www.hotelcasadesierrazul.com\/en\/wp-json\/wp\/v2\/pages\/7535\/revisions"}],"wp:attachment":[{"href":"https:\/\/www.hotelcasadesierrazul.com\/en\/wp-json\/wp\/v2\/media?parent=7535"}],"curies":[{"name":"wp","href":"https:\/\/api.w.org\/{rel}","templated":true}]}}